{"id":13,"date":"2017-06-15T11:19:40","date_gmt":"2017-06-15T14:19:40","guid":{"rendered":"https:\/\/tecnicaintegral.com.ar\/sitio\/?page_id=13"},"modified":"2020-12-07T22:07:22","modified_gmt":"2020-12-08T01:07:22","slug":"empresa","status":"publish","type":"page","link":"https:\/\/tecnicaintegral.com.ar\/sitio\/empresa\/","title":{"rendered":"Empresa"},"content":{"rendered":"<p><strong>T\u00c9CNICA INTEGRAL<\/strong>\u00a0nace en el a\u00f1o 1981, en la ciudad de<strong>\u00a0Rosario<\/strong>, como inquietud de sus socios fundadores, abriendo su primer establecimiento en la calle presidente Roca y Av. Pellegrini, en un local de escasos 30m2.<\/p>\n<p><strong>Nuestro objetivo:<\/strong><\/p>\n<p><strong>\u201cOFRECER UNA SOLUCI\u00d3N DE ALTA CALIDAD, EFICIENCIA Y ATENCI\u00d3N PERSONALIZADO A TODOS LOS USUARIOS DE SERVICIOS EN GESTION DE DOCUMENTOS IMPRESOS\u201d<\/strong><\/p>\n<p>Para brindar diferentes alternativas a sus clientes, se implementaron soluciones, a trav\u00e9s de contratos de\u00a0<strong>ALQUILER, LEASING y VENTA CON SERVICIOS DE ATENCION INTEGRAR POST-VENTAS<\/strong>, adem\u00e1s de la comercializaci\u00f3n de insumos y repuestos para toda la l\u00ednea de productos.<\/p>\n<p>Este crecimiento, nos permiti\u00f3 contar dentro de nuestra amplia cartera de clientes, organizaciones de diferente \u00e1reas, como empresas multinacionales del cord\u00f3n industrial, Bancos, PYMES, Industrias, Empresas de Servicio, Centros de Copiado, Copister\u00edas, Profesionales, etc.<\/p>\n<p>Nuestra cobertura geogr\u00e1fica nos permite atender las zonas de Rosario, Gran Rosario, y un radio de 200km. alrededor de \u00e9sta, llegando a prestar atenci\u00f3n a empresas en Capital Federal.<\/p>\n<p>Para mejorar la calidad y comodidad de sus clientes, la empresa muda sus instalaciones a su actual Casa Central de calle 3 de Febrero 1582, local de 580m2 en dos plantas, con ShowRoom en planta baja y taller t\u00e9cnico de m\u00e1s de 300m2 y administraci\u00f3n en primer piso, y abriendo una sucursal de 200m2 en Presidente Roca 1730 para la tercerizaci\u00f3n de trabajos de copiado e impresi\u00f3n, monocromo y color.<\/p>\n<p>Actualmente,\u00a0<strong>RICOH ARGENTINA S.A\u00a0<\/strong>ha \u00a0ampliado la l\u00ednea de productos que comercializa en la Argentina a trav\u00e9s de sus Distribuidores Oficiales, contando con equipos\u00a0<strong>Fotocopiadores, Impresoras de bajo, medio y alto volumen, Esc\u00e1neres de alta productividad, Duplicadoras Digitales y Sistemas Multifunciones de gran porte (Copiadora-Impresora-Fax-Esc\u00e1ner), productos que vienen tanto en tecnolog\u00eda Monocromo y Color L\u00e1ser o de tinta en gel, e implementando Soluciones de \u00faltima generaci\u00f3n en la Digitalizaci\u00f3n de documentos.<\/strong><\/p>\n","protected":false},"excerpt":{"rendered":"<p>T\u00c9CNICA INTEGRAL\u00a0nace en el a\u00f1o 1981, en la ciudad de\u00a0Rosario, como inquietud de sus socios fundadores, abriendo su primer establecimiento en la calle presidente Roca y Av. Pellegrini, en un local de escasos 30m2. Nuestro objetivo: \u201cOFRECER UNA SOLUCI\u00d3N DE ALTA CALIDAD, EFICIENCIA Y ATENCI\u00d3N PERSONALIZADO A TODOS LOS USUARIOS DE SERVICIOS EN GESTION DE [&hellip;]<\/p>\n","protected":false},"author":1,"featured_media":0,"parent":0,"menu_order":0,"comment_status":"closed","ping_status":"closed","template":"","meta":{"footnotes":""},"class_list":["post-13","page","type-page","status-publish","hentry"],"_links":{"self":[{"href":"https:\/\/tecnicaintegral.com.ar\/sitio\/wp-json\/wp\/v2\/pages\/13","targetHints":{"allow":["GET"]}}],"collection":[{"href":"https:\/\/tecnicaintegral.com.ar\/sitio\/wp-json\/wp\/v2\/pages"}],"about":[{"href":"https:\/\/tecnicaintegral.com.ar\/sitio\/wp-json\/wp\/v2\/types\/page"}],"author":[{"embeddable":true,"href":"https:\/\/tecnicaintegral.com.ar\/sitio\/wp-json\/wp\/v2\/users\/1"}],"replies":[{"embeddable":true,"href":"https:\/\/tecnicaintegral.com.ar\/sitio\/wp-json\/wp\/v2\/comments?post=13"}],"version-history":[{"count":3,"href":"https:\/\/tecnicaintegral.com.ar\/sitio\/wp-json\/wp\/v2\/pages\/13\/revisions"}],"predecessor-version":[{"id":419,"href":"https:\/\/tecnicaintegral.com.ar\/sitio\/wp-json\/wp\/v2\/pages\/13\/revisions\/419"}],"wp:attachment":[{"href":"https:\/\/tecnicaintegral.com.ar\/sitio\/wp-json\/wp\/v2\/media?parent=13"}],"curies":[{"name":"wp","href":"https:\/\/api.w.org\/{rel}","templated":true}]}}