{"id":35,"date":"2017-06-15T16:38:12","date_gmt":"2017-06-15T19:38:12","guid":{"rendered":"https:\/\/tecnicaintegral.com.ar\/sitio\/?page_id=35"},"modified":"2021-06-17T19:20:48","modified_gmt":"2021-06-17T22:20:48","slug":"digitalizacion-gestion-documental","status":"publish","type":"page","link":"https:\/\/tecnicaintegral.com.ar\/sitio\/digitalizacion-gestion-documental\/","title":{"rendered":"Digitalizaci\u00f3n y Gesti\u00f3n Documental"},"content":{"rendered":"<div style=\" overflow:auto;\">\n<img loading=\"lazy\" decoding=\"async\" class=\"size-full wp-image-336 alignleft\" src=\"https:\/\/tecnicaintegral.com.ar\/sitio\/wp-content\/uploads\/cuentas.png\" alt=\"\" width=\"255\" height=\"200\" \/><\/p>\n<p><strong>Cuentas a Pagar<\/strong><\/p>\n<p>Permite agilizar los flujos de cobranza y pago a proveedores con el fin de tener un control eficiente de tesorer\u00eda. Dentro de una factura se entienden datos como la raz\u00f3n social, l\u00edneas de item detallados, precio, percepciones etc. Permitiendo aplicar comprobaciones seg\u00fan c\u00e1lculos requeridos sobre los datos recolectados. Los flujos de aprobaciones se configuran seg\u00fan montos y\/o responsables.<br \/>\n&nbsp;\n<\/p><\/div>\n<div style=\" overflow:auto;\">\n<img loading=\"lazy\" decoding=\"async\" class=\"size-full wp-image-335 alignleft\" src=\"https:\/\/tecnicaintegral.com.ar\/sitio\/wp-content\/uploads\/contratos.png\" alt=\"\" width=\"255\" height=\"200\" \/><\/p>\n<p><strong>Contratos Legales<\/strong><br \/>\nPermite administrar inteligentemente distintos tipos de contratos y sus futuros anexos, que se relacionar\u00e1n autom\u00e1ticamente. Esta aplicaci\u00f3n puede ser utilizada para contratos de clientes, empleados, proveedores y empleados. Adicionalmente maneja el control de fechas de vigencia para dar seguimiento al ciclo de vida del mismo.<br \/>\nLos procesos son desarrollos personalizados que seajustan seg\u00fan los requerimientos de cada cliente en particular.\n<\/div>\n<div style=\" overflow:auto;\">\n<p><img loading=\"lazy\" decoding=\"async\" class=\"size-full wp-image-337 alignleft\" src=\"https:\/\/tecnicaintegral.com.ar\/sitio\/wp-content\/uploads\/gestion.png\" alt=\"\" width=\"255\" height=\"200\" \/><\/p>\n<p><strong>Gesti\u00f3n de Compras<\/strong><br \/>\nPermite la estandarizaci\u00f3n de requisitos m\u00ednimos a cumplir para efectuar una compra; generando una carpeta digital con todo el contenido centralizado relacionado a la misma.<br \/>\nEs posible conocer el estado de una solicitud de compra, y quien es el due\u00f1o en determinada etapa.<br \/>\nPosibilita la implementaci\u00f3n de alarmas que disparen notificaciones para el control de atrasos en la ejecuci\u00f3n de las tareas.\n<\/div>\n<div style=\" overflow:auto;\">\n<p><img loading=\"lazy\" decoding=\"async\" class=\"size-full wp-image-333 alignleft\" src=\"https:\/\/tecnicaintegral.com.ar\/sitio\/wp-content\/uploads\/legajos.png\" alt=\"\" width=\"255\" height=\"200\" \/><br \/>\n<strong>Legajo Recursos Humanos<\/strong><br \/>\nPermite crear y manejar carpetas digitales, para almacenar toda la documentaci\u00f3n de los empleados y sus respectivas cargas. A trav\u00e9s de esta soluci\u00f3n, el contenido de los documentos queda resguardado en un repositorio central y protegido por diferentes mecanismos de seguridad. La informaci\u00f3n puede ser accedida por diferentes perfiles de usuarios, con<br \/>\nlo cual solo se comparte con otro sector, ejemplo servicios m\u00e9dicos, la documentaci\u00f3n relacionada.<\/p>\n<\/div>\n<div style=\" overflow:auto;\">\n<img loading=\"lazy\" decoding=\"async\" class=\"size-full wp-image-354 alignleft\" src=\"https:\/\/tecnicaintegral.com.ar\/sitio\/wp-content\/uploads\/apetrura.png\" alt=\"\" width=\"255\" height=\"200\" \/><\/p>\n<p><strong>Apertura de Cuenta<\/strong><br \/>\nAdministra en un mismo lugar toda la informaci\u00f3n requerida por la empresa, para comenzar un proceso de aprobaci\u00f3n en que se otorga , por ejemplo, una cuenta bancaria, un cr\u00e9dito; o simplemente una solicitud de un producto. Del DNI del solicitante se detectan los datos del c\u00f3digo PDF 417, y se utilizan para cargar en forma correcta, los mismo dentro del<br \/>\nsistema de la empresa; reduciendo el margen de error a 0%.<\/p>\n<\/div>\n<div style=\" overflow:auto;\">\n<img loading=\"lazy\" decoding=\"async\" class=\"size-full wp-image-354 alignleft\" src=\"https:\/\/tecnicaintegral.com.ar\/sitio\/wp-content\/uploads\/captura.png\" alt=\"\" width=\"255\" height=\"200\" \/><strong>Captura Inteligente<\/strong><br \/>\nAplica a cualquier documento que forma parte de un proceso en la empresa. Es el cliente quien determina los datos relevantes a detectar en un documento por el sistema, para que el profesional de Ricoh, personalizar la soluci\u00f3n.\n<\/div>\n","protected":false},"excerpt":{"rendered":"<p>Cuentas a Pagar Permite agilizar los flujos de cobranza y pago a proveedores con el fin de tener un control eficiente de tesorer\u00eda. Dentro de una factura se entienden datos como la raz\u00f3n social, l\u00edneas de item detallados, precio, percepciones etc. Permitiendo aplicar comprobaciones seg\u00fan c\u00e1lculos requeridos sobre los datos recolectados. Los flujos de aprobaciones [&hellip;]<\/p>\n","protected":false},"author":1,"featured_media":0,"parent":0,"menu_order":0,"comment_status":"closed","ping_status":"closed","template":"template-fullwidth.php","meta":{"footnotes":""},"class_list":["post-35","page","type-page","status-publish","hentry"],"_links":{"self":[{"href":"https:\/\/tecnicaintegral.com.ar\/sitio\/wp-json\/wp\/v2\/pages\/35","targetHints":{"allow":["GET"]}}],"collection":[{"href":"https:\/\/tecnicaintegral.com.ar\/sitio\/wp-json\/wp\/v2\/pages"}],"about":[{"href":"https:\/\/tecnicaintegral.com.ar\/sitio\/wp-json\/wp\/v2\/types\/page"}],"author":[{"embeddable":true,"href":"https:\/\/tecnicaintegral.com.ar\/sitio\/wp-json\/wp\/v2\/users\/1"}],"replies":[{"embeddable":true,"href":"https:\/\/tecnicaintegral.com.ar\/sitio\/wp-json\/wp\/v2\/comments?post=35"}],"version-history":[{"count":27,"href":"https:\/\/tecnicaintegral.com.ar\/sitio\/wp-json\/wp\/v2\/pages\/35\/revisions"}],"predecessor-version":[{"id":536,"href":"https:\/\/tecnicaintegral.com.ar\/sitio\/wp-json\/wp\/v2\/pages\/35\/revisions\/536"}],"wp:attachment":[{"href":"https:\/\/tecnicaintegral.com.ar\/sitio\/wp-json\/wp\/v2\/media?parent=35"}],"curies":[{"name":"wp","href":"https:\/\/api.w.org\/{rel}","templated":true}]}}