{"id":357,"date":"2020-12-07T17:41:15","date_gmt":"2020-12-07T20:41:15","guid":{"rendered":"https:\/\/tecnicaintegral.com.ar\/sitio\/?page_id=357"},"modified":"2021-11-05T16:20:48","modified_gmt":"2021-11-05T19:20:48","slug":"ricoh-educacion-virtual-soluciones-y-procesos-digitales-para-instituciones-educativas","status":"publish","type":"page","link":"https:\/\/tecnicaintegral.com.ar\/sitio\/ricoh-educacion-virtual-soluciones-y-procesos-digitales-para-instituciones-educativas\/","title":{"rendered":"Ricoh Educaci\u00f3n Virtual: Soluciones y procesos digitales para instituciones educativas"},"content":{"rendered":"<div style=\"background: #ce231e; padding: 20px; text-align: center; color: #fff; margin-bottom: 50px;\">\n<p>Garantiza la continuidad del plan de estudios con mejores experiencias de aprendizaje basadas en tecnolog\u00edas de video y comunicaci\u00f3n digital.<\/p>\n<p>Ante las nuevos retos, la educaci\u00f3n y sus m\u00e9todos se ven obligados a reubicarse y replantear formas y costumbres, sin olvidar que la comunicaci\u00f3n entre directivos, maestros y estudiantes es la pieza clave para la continuidad del plan de estudios.<br \/>\n<\/p>\n<\/div>\n<p>La Educaci\u00f3n Virtual est\u00e1 relacionada con el t\u00e9rmino \u201ce-learning\u201d. (Educaci\u00f3n + Internet). Se basa en la distribuci\u00f3n de contenidos en m\u00faltiples formatos electr\u00f3nicos, facilita la creaci\u00f3n de una comunidad interconectada de estudiantes y profesores y crea nuevas oportunidades para generar:<\/p>\n<div class=\"clearfix\" style=\"padding-bottom: 50px;\"><\/div>\n<div class=\"col-lg-6\" style=\"float:left\">\n<p style=\"color: #ce231e;\"><img loading=\"lazy\" decoding=\"async\" class=\"size-full wp-image-372 alignleft\" src=\"https:\/\/tecnicaintegral.com.ar\/sitio\/wp-content\/uploads\/ambientes.png\" alt=\"\" width=\"80\" height=\"90\" \/>Ambientes de colaboraci\u00f3n<\/p>\n<p>Todas las partes se ven en la necesidad de trabajar en equipo para obtener resultados y ser\u00e1 la tecnolog\u00eda la que facilitara la colaboraci\u00f3n en proyectos e ideas gracias al intercambio de contenidos.\n<\/p><\/div>\n<div class=\"col-lg-6\" style=\"float:left\"><img loading=\"lazy\" decoding=\"async\" class=\"size-full wp-image-374 alignleft\" src=\"https:\/\/tecnicaintegral.com.ar\/sitio\/wp-content\/uploads\/participacion.png\" alt=\"\" width=\"90\" height=\"101\" \/><\/p>\n<p style=\"color: #ce231e;\">Participaci\u00f3n Activa de los estudiantes<\/p>\n<p>Las salas de v\u00eddeo para grupos peque\u00f1os, el intercambio de contenidos en varias redes en un solo clic, las encuestas y los chats de grupo se convierten en oportunidades para atraer a los alumnos.<\/p>\n<\/div>\n<div class=\"clearfix\"><\/div>\n<div class=\"col-lg-6\" style=\"float:left\">\n<p><img loading=\"lazy\" decoding=\"async\" class=\"size-full wp-image-373 alignleft\" src=\"https:\/\/tecnicaintegral.com.ar\/sitio\/wp-content\/uploads\/formas.png\" alt=\"\" width=\"80\" height=\"90\" \/><\/p>\n<p style=\"color: #ce231e;\">Nuevas formas de Ense\u00f1ar para los docentes<\/p>\n<p>Los videos grabados se convierten en contenido de valor que los estudiantes pueden ver y revisar m\u00faltiples veces generando un ambiente donde aprenden a su propio ritmo y donde los docentes trasmiten sus conocimientos din\u00e1micamente.\n<\/p><\/div>\n<div class=\"col-lg-6\" style=\"float:left\"><img loading=\"lazy\" decoding=\"async\" class=\"size-full wp-image-375 alignleft\" src=\"https:\/\/tecnicaintegral.com.ar\/sitio\/wp-content\/uploads\/garantia.png\" alt=\"\" width=\"90\" height=\"101\" \/><\/p>\n<p style=\"color: #ce231e;\">Garant\u00eda de continuidad de clases<\/p>\n<p>La tutor\u00eda virtual, la sala de estudio y la orientaci\u00f3n virtual ofrecen a los alumnos oportunidades de aprender m\u00e1s all\u00e1 del aula facilitando a las instituciones la continuidad de sus planes de estudios y evitando disrupciones en el calendario escolar.\n<\/p><\/div>\n<div class=\"clearfix\" style=\"padding-bottom: 50px;\"><\/div>\n<h3 style=\"color: #ce231e;\">La educaci\u00f3n remota propicia espacios de formaci\u00f3n, apoy\u00e1ndose en las TIC para crear una nueva forma de ense\u00f1ar y de aprender.<\/h3>\n<p>&nbsp;<\/p>\n<div class=\"col-lg-4\" style=\"float:left; align-content:center\">\n<img loading=\"lazy\" decoding=\"async\" class=\"size-medium wp-image-382\" src=\"https:\/\/tecnicaintegral.com.ar\/sitio\/wp-content\/uploads\/gi-computer-remote-education-283x300.png\" alt=\"\" width=\"283\" height=\"300\"  style=\"align-content:center\" srcset=\"https:\/\/tecnicaintegral.com.ar\/sitio\/wp-content\/uploads\/gi-computer-remote-education-283x300.png 283w, https:\/\/tecnicaintegral.com.ar\/sitio\/wp-content\/uploads\/gi-computer-remote-education.png 488w\" sizes=\"auto, (max-width: 283px) 100vw, 283px\" \/> <\/div>\n<div class=\"col-lg-8\"  style=\"float:left\">\n<strong>Ricoh Educaci\u00f3n Virtual te brinda:<\/strong><\/p>\n<ul>\n<li>Accesibilidad para todos los estudiantes desde cualquier dispositivo, lo que mejora la asistencia y la retenci\u00f3n.&#8221;<\/li>\n<li>Llevar un seguimiento de la participaci\u00f3n de los alumnos.<\/li>\n<li>Paneles de control para registrar el uso, la asistencia, los datos en vivo y otros detalles<\/li>\n<li>Registros del uso, la asistencia, la atenci\u00f3n, los datos en vivo y otros detalles.<\/li>\n<li>Garantiza un sistema que cumple las normas de Seguridad cibern\u00e9ticas.<\/li>\n<li>Entrenar a docentes y directivos en el uso de las herramientas.<\/li>\n<li>Reuniones para conectar al personal administrativo con el profesorado para una mejor planeaci\u00f3n.<\/li>\n<li>Conexiones simples que hacen del v\u00eddeo un componente perfecto de la experiencia de aprendizaje.<\/li>\n<\/ul>\n<\/div>\n<div class=\"clearfix\" style=\"padding-bottom: 50px;\"><\/div>\n<h3 style=\"color: #ce231e; text-align: center;\">En Ricoh Educaci\u00f3n Virtual nos enfocamos en preparar tecnol\u00f3gicamente a su instituci\u00f3n educativa frente a los nuevos retos y la nueva normalidad, desarrollando habilidades tecnol\u00f3gicas de los docentes para un mejor aprovechamiento del estudiante.<\/h3>\n<p>&nbsp;<\/p>\n<p><strong>Trabajamos en base a experiencia y resultados, nuestras soluciones han sido implementadas en institutos y universidades con miles de estudiantes y docentes a nivel global, garantizando:<\/strong><\/p>\n<p><strong>EQUILIBRIO ENTRE TECNOLOG\u00cdA Y REQUERIMIENTOS ACAD\u00c9MICOS<\/strong><br \/>\nNuestras propuestas consideran el entorno educativo donde ser\u00e1n utilizadas, como parte de un ecosistema virtual de aprendizaje.<\/p>\n<p><strong>F\u00c1CIL IMPLEMENTACI\u00d3N<\/strong><br \/>\nTrabajamos de principio a fin para facilitar la Instalaci\u00f3n, integraciones, y generaci\u00f3n de reportes necesarios.<\/p>\n<p><strong>CONSULTOR\u00cdA<\/strong><br \/>\nAn\u00e1lisis de necesidades y propuestas t\u00e9cnicas que se ajustan a diferentes exigencias.<\/p>\n<p><strong>SOPORTE<\/strong><br \/>\nAtenci\u00f3n de incidentes a nivel de aplicaci\u00f3n y soporte t\u00e9cnico ante dificultades.<\/p>\n","protected":false},"excerpt":{"rendered":"<p>Garantiza la continuidad del plan de estudios con mejores experiencias de aprendizaje basadas en tecnolog\u00edas de video y comunicaci\u00f3n digital. Ante las nuevos retos, la educaci\u00f3n y sus m\u00e9todos se ven obligados a reubicarse y replantear formas y costumbres, sin olvidar que la comunicaci\u00f3n entre directivos, maestros y estudiantes es la pieza clave para la [&hellip;]<\/p>\n","protected":false},"author":1,"featured_media":0,"parent":0,"menu_order":0,"comment_status":"closed","ping_status":"closed","template":"template-fullwidth.php","meta":{"footnotes":""},"class_list":["post-357","page","type-page","status-publish","hentry"],"_links":{"self":[{"href":"https:\/\/tecnicaintegral.com.ar\/sitio\/wp-json\/wp\/v2\/pages\/357","targetHints":{"allow":["GET"]}}],"collection":[{"href":"https:\/\/tecnicaintegral.com.ar\/sitio\/wp-json\/wp\/v2\/pages"}],"about":[{"href":"https:\/\/tecnicaintegral.com.ar\/sitio\/wp-json\/wp\/v2\/types\/page"}],"author":[{"embeddable":true,"href":"https:\/\/tecnicaintegral.com.ar\/sitio\/wp-json\/wp\/v2\/users\/1"}],"replies":[{"embeddable":true,"href":"https:\/\/tecnicaintegral.com.ar\/sitio\/wp-json\/wp\/v2\/comments?post=357"}],"version-history":[{"count":59,"href":"https:\/\/tecnicaintegral.com.ar\/sitio\/wp-json\/wp\/v2\/pages\/357\/revisions"}],"predecessor-version":[{"id":1068,"href":"https:\/\/tecnicaintegral.com.ar\/sitio\/wp-json\/wp\/v2\/pages\/357\/revisions\/1068"}],"wp:attachment":[{"href":"https:\/\/tecnicaintegral.com.ar\/sitio\/wp-json\/wp\/v2\/media?parent=357"}],"curies":[{"name":"wp","href":"https:\/\/api.w.org\/{rel}","templated":true}]}}