{"id":597,"date":"2021-06-22T14:14:28","date_gmt":"2021-06-22T17:14:28","guid":{"rendered":"https:\/\/tecnicaintegral.com.ar\/sitio\/?page_id=597"},"modified":"2021-08-27T13:57:23","modified_gmt":"2021-08-27T16:57:23","slug":"servicios","status":"publish","type":"page","link":"https:\/\/tecnicaintegral.com.ar\/sitio\/servicios\/","title":{"rendered":"Servicios"},"content":{"rendered":"<p><img loading=\"lazy\" decoding=\"async\" class=\"aligncenter wp-image-598 size-full\" src=\"https:\/\/tecnicaintegral.com.ar\/sitio\/wp-content\/uploads\/cropped-25-e1497914402430.jpg\" alt=\"\" width=\"1920\" height=\"1079\" srcset=\"https:\/\/tecnicaintegral.com.ar\/sitio\/wp-content\/uploads\/cropped-25-e1497914402430.jpg 1920w, https:\/\/tecnicaintegral.com.ar\/sitio\/wp-content\/uploads\/cropped-25-e1497914402430-300x169.jpg 300w, https:\/\/tecnicaintegral.com.ar\/sitio\/wp-content\/uploads\/cropped-25-e1497914402430-1024x575.jpg 1024w, https:\/\/tecnicaintegral.com.ar\/sitio\/wp-content\/uploads\/cropped-25-e1497914402430-768x432.jpg 768w, https:\/\/tecnicaintegral.com.ar\/sitio\/wp-content\/uploads\/cropped-25-e1497914402430-1536x863.jpg 1536w, https:\/\/tecnicaintegral.com.ar\/sitio\/wp-content\/uploads\/cropped-25-e1497914402430-953x536.jpg 953w\" sizes=\"auto, (max-width: 1920px) 100vw, 1920px\" \/><\/p>\n<p>&nbsp;<\/p>\n<div class=\"col-lg-6\" style=\"float:left;padding:10px 30px 0 0\">\nEn T\u00e9cnica Integral ofrecemos un sistema integrado de soluciones y servicios.<\/p>\n<p>Al suscribir un contrato de servicio con T\u00e9cnica Integral, disfrutara de nuestro excelente servicio de atenci\u00f3n al cliente, la tranquilidad de trabajar con productos RICOH, su Distribuidor Oficial garantizando la mejor tecnolog\u00eda para sus documentos.<\/p>\n<p><strong>Ofrecemos<\/strong><\/p>\n<ul>\n<li>RENTAS CORPORATIVAS<\/li>\n<li>RENTAS PYME<\/li>\n<li>SOLUCIONES ESPECIALIZADAS<\/li>\n<li>ABONOS DE MANTENIMIENTO<\/li>\n<\/ul>\n<p>&nbsp;<\/p>\n<p>Somos especialistas en la venta, alquiler y renting de impresoras, fotocopiadoras y equipos multifunci\u00f3n dirigidas principalmente a PYMES, empresas, organizaciones y aut\u00f3nomos <\/p>\n<p>\u25b6\ufe0f Puesta en marcha:<br \/>\nNos encargamos de la instalaci\u00f3n de la impresora en el lugar de trabajo, as\u00ed como la configuraci\u00f3n de drivers de impresi\u00f3n y esc\u00e1ner en las PC. Y por supuesto, la formaci\u00f3n de usuario.<\/p>\n<p>\u25b6\ufe0f Ahorro de tiempo:<br \/>\nNuestros t\u00e9cnicos se encargan de todo y sin ning\u00fan costo a\u00f1adido. Cualquier incidencia, se atiende en el mismo d\u00eda o d\u00eda siguiente<\/p>\n<p><strong>VARIEDAD DE EQUIPAMIENTO<\/strong><br \/>\nEl que mejor se adapte a sus necesidades y presupuesto, nuevos o remanufacturados a nuevo.<\/p>\n<p><strong>VARIEDAD DE SOFTWARE<\/strong><br \/>\nPara la gesti\u00f3n, administraci\u00f3n, digitalizaci\u00f3n y control de todos sus documentos e im\u00e1genes.<\/p>\n<p><strong>TECNOLOG\u00cdA REMOTA<\/strong><br \/>\nElimina el relevamiento manual de contadores de paginas y el env\u00edo de estas lecturas. Ademas ayuda a mantener el funcionamiento ininterrumpido, mediante el env\u00edo autom\u00e1tico de pedidos de toner, reportes y de servicio t\u00e9cnico.<\/p>\n<p><strong>SOPORTE DE SISTEMAS<\/strong><br \/>\nIlimitado telef\u00f3nicamente, correo electr\u00f3nico, WhatsApp u on-line desde nuestro sitio web.<\/p>\n<p><strong>ASISTENCIA A DOMICILIO<\/strong><br \/>\nPersonal t\u00e9cnico calificado acudir\u00e1 antes de las 24 horas de su solicitud. Las piezas de recambio, la mano de obra y la inversi\u00f3n est\u00e1n incluidos.<\/p>\n<p><strong>STOCK PERMANENTE<\/strong><br \/>\nSiempre tendr\u00e1 consumibles disponible en forma inmediata.<\/p>\n<p><strong>MAYOR AHORRO<\/strong><br \/>\nTodas las necesidades cubiertas en un solo contrato, con beneficios impositivos y sin necesidad de invertir capital.<\/p>\n<p><strong>MAYOR FLEXIBILIDAD<\/strong><br \/>\nPodr\u00e1 aumentar el volumen de paginas contratadas en el momento que lo considere necesario.<\/p>\n<p>&nbsp;<\/p>\n<p>&nbsp;<\/p>\n<\/div>\n<div class=\"col-lg-1\"style=\"float:left\">&nbsp;<\/div>\n<div class=\"col-lg-5\" style=\"float:left;\">\n<h4>Solicite un Agente<\/h4>\n\t\r\n\t\r\n\t\t\t\t\t\t<form  name= \"wpdevart_frontend_form_1\" id='wpdevart-forms-1' class=\"wpdevart-forms default-skin forms-general-styling\" method='post'  action='' enctype='multipart\/form-data'>\r\n\t\r\n\t\t\t\t\t\t                                            <!--bfh-number -->\r\n                                            <div class=\"wpdevart-input-field \">\r\n                                                 \r\n                                                        <label>Nombre<\/label>\r\n                                                        \r\n                                                <div class=\"input-text input-field-inner\">\r\n                                                    \r\n                                                    <input  type=\"text\"  \r\n                                                            id =\"input-field-1\"\r\n                                                            name=\"label_1\"   required                                                            value=\"\" class=\"form-control  \" \r\n                                                            placeholder=\"Ingrese su Nombre\" \r\n                                                             \r\n                                                           \/>\r\n                                                <\/div>\r\n                                            <\/div>\r\n\t\t\t\t\t\t\t\t\t\t                                            <!--bfh-number -->\r\n                                            <div class=\"wpdevart-input-field \">\r\n                                                 \r\n                                                        <label>Apellido<\/label>\r\n                                                        \r\n                                                <div class=\"input-text input-field-inner\">\r\n                                                    \r\n                                                    <input  type=\"text\"  \r\n                                                            id =\"input-field-2\"\r\n                                                            name=\"label_2\"   required                                                            value=\"\" class=\"form-control  \" \r\n                                                            placeholder=\"Ingrese su Apellido\" \r\n                                                             \r\n                                                           \/>\r\n                                                <\/div>\r\n                                            <\/div>\r\n\t\t\t\t\t\t\t\t\t\t                                            <!--bfh-number -->\r\n                                            <div class=\"wpdevart-input-field \">\r\n                                                 \r\n                                                        <label>Email<\/label>\r\n                                                        \r\n                                                <div class=\"input-email input-field-inner\">\r\n                                                    \r\n                                                    <input  type=\"email\"  \r\n                                                            id =\"input-field-3\"\r\n                                                            name=\"label_3\"   required                                                            value=\"\" class=\"form-control  \" \r\n                                                            placeholder=\"Ingrese su Email\" \r\n                                                             \r\n                                                           \/>\r\n                                                <\/div>\r\n                                            <\/div>\r\n\t\t\t\t\t\t\t\t\t\t                                            <!--bfh-number -->\r\n                                            <div class=\"wpdevart-input-field \">\r\n                                                 \r\n                                                        <label>Empresa<\/label>\r\n                                                        \r\n                                                <div class=\"input-text input-field-inner\">\r\n                                                    \r\n                                                    <input  type=\"text\"  \r\n                                                            id =\"input-field-4\"\r\n                                                            name=\"label_4\"   required                                                            value=\"\" class=\"form-control  \" \r\n                                                            placeholder=\"Su Empresa\" \r\n                                                             \r\n                                                           \/>\r\n                                                <\/div>\r\n                                            <\/div>\r\n\t\t\t\t\t\t\t\t\t\t                                            <!--bfh-number -->\r\n                                            <div class=\"wpdevart-input-field \">\r\n                                                 \r\n                                                        <label>Direcci\u00f3n<\/label>\r\n                                                        \r\n                                                <div class=\"input-text input-field-inner\">\r\n                                                    \r\n                                                    <input  type=\"text\"  \r\n                                                            id =\"input-field-5\"\r\n                                                            name=\"label_5\"                                                               value=\"\" class=\"form-control  \" \r\n                                                            placeholder=\"Direcci\u00f3n\" \r\n                                                             \r\n                                                           \/>\r\n                                                <\/div>\r\n                                            <\/div>\r\n\t\t\t\t\t\t\t\t\t\t                                            <!--bfh-number -->\r\n                                            <div class=\"wpdevart-input-field \">\r\n                                                 \r\n                                                        <label>Ciudad<\/label>\r\n                                                        \r\n                                                <div class=\"input-text input-field-inner\">\r\n                                                    \r\n                                                    <input  type=\"text\"  \r\n                                                            id =\"input-field-16\"\r\n                                                            name=\"label_16\"                                                               value=\"\" class=\"form-control  \" \r\n                                                            placeholder=\"Ciudad\" \r\n                                                             \r\n                                                           \/>\r\n                                                <\/div>\r\n                                            <\/div>\r\n\t\t\t\t\t\t\t\t\t\t                                            <!--bfh-number -->\r\n                                            <div class=\"wpdevart-input-field \">\r\n                                                 \r\n                                                        <label>Tel\u00e9fono de la Empresa<\/label>\r\n                                                        \r\n                                                <div class=\"input-text input-field-inner\">\r\n                                                    \r\n                                                    <input  type=\"text\"  \r\n                                                            id =\"input-field-14\"\r\n                                                            name=\"label_14\"                                                               value=\"\" class=\"form-control  \" \r\n                                                            placeholder=\"Contacto\" \r\n                                                             \r\n                                                           \/>\r\n                                                <\/div>\r\n                                            <\/div>\r\n\t\t\t\t\t\t\t\t\t\t                                            <!--bfh-number -->\r\n                                            <div class=\"wpdevart-input-field \">\r\n                                                 \r\n                                                        <label>Tel\u00e9fono M\u00f3vil<\/label>\r\n                                                        \r\n                                                <div class=\"input-text input-field-inner\">\r\n                                                    \r\n                                                    <input  type=\"text\"  \r\n                                                            id =\"input-field-15\"\r\n                                                            name=\"label_15\"                                                               value=\"\" class=\"form-control  \" \r\n                                                            placeholder=\"M\u00f3vil\" \r\n                                                             \r\n                                                           \/>\r\n                                                <\/div>\r\n                                            <\/div>\r\n\t\t\t\t\t\t\t\t\t\t\t\t\t\t\t\t\t\t\t<div class=\"wpdevart-sub-fields\">\r\n\t\r\n\t\t\t\t\t\t\t\t\t \r\n\t\t\t\t\t\t\t\t\t\t\t<label>Se\u00f1ale el tipo de empresa \/ organizaci\u00f3n<\/label>\r\n\t\t\t\t\t\t\t\t\t\t\r\n\t\t\t\t\t\t\t\t\t<div class=\"wpdevart-sub-fields-inner\">\r\n\t\t\t\t\t\t\t\t\t\t\t\t\t\t\t\t\t\t\t\t<span class=\"checkboxradios\">\r\n\t\t\t\t\t\t\t\t\t\t\t\t<input type=\"radio\"   name=\"sublabel_17[]\" id=\"sublabel_17_1\" value=\"Copister\u00eda\"  \/>\r\n                                                <label for=\"sublabel_17_1\"><span><\/span> Copister\u00eda<\/label>\r\n\t\t\t\t\t\t\t\t\t\t\t<\/span>\r\n\t\t\t\t\t\t\t\t\t\t\t\t\t\t\t\t\t\t\t\t\t\t<span class=\"checkboxradios\">\r\n\t\t\t\t\t\t\t\t\t\t\t\t<input type=\"radio\"   name=\"sublabel_17[]\" id=\"sublabel_17_2\" value=\"PYME\"  \/>\r\n                                                <label for=\"sublabel_17_2\"><span><\/span> PYME<\/label>\r\n\t\t\t\t\t\t\t\t\t\t\t<\/span>\r\n\t\t\t\t\t\t\t\t\t\t\t\t\t\t\t\t\t\t\t\t\t\t<span class=\"checkboxradios\">\r\n\t\t\t\t\t\t\t\t\t\t\t\t<input type=\"radio\"   name=\"sublabel_17[]\" id=\"sublabel_17_3\" value=\"Industria\"  \/>\r\n                                                <label for=\"sublabel_17_3\"><span><\/span> Industria<\/label>\r\n\t\t\t\t\t\t\t\t\t\t\t<\/span>\r\n\t\t\t\t\t\t\t\t\t\t\t\t\t\t\t\t\t\t\t\t\t\t<span class=\"checkboxradios\">\r\n\t\t\t\t\t\t\t\t\t\t\t\t<input type=\"radio\"   name=\"sublabel_17[]\" id=\"sublabel_17_4\" value=\"Organismo del Estado\"  \/>\r\n                                                <label for=\"sublabel_17_4\"><span><\/span> Organismo del Estado<\/label>\r\n\t\t\t\t\t\t\t\t\t\t\t<\/span>\r\n\t\t\t\t\t\t\t\t\t\t\t\t\t\t\t\t\t\t\t\t<\/div><\/div>\r\n\t\t\t\t\t\t\t\t\t\t\t\t\t\t\t\t\t\t<div class=\"wpdevart-sub-fields\">\r\n\t\r\n\t\t\t\t\t\t\t\t\t \r\n\t\t\t\t\t\t\t\t\t\t\t<label>Solicita asesor\u00eda sobre<\/label>\r\n\t\t\t\t\t\t\t\t\t\t\r\n\t\t\t\t\t\t\t\t\t<div class=\"wpdevart-sub-fields-inner\">\r\n\t\t\t\t\t\t\t\t\t\t\t\t\t\t\t\t\t\t\t\t<span class=\"checkboxradios\">\r\n\t\t\t\t\t\t\t\t\t\t\t\t<input type=\"radio\"   name=\"sublabel_18[]\" id=\"sublabel_18_1\" value=\"Compra\"  \/>\r\n                                                <label for=\"sublabel_18_1\"><span><\/span> Compra<\/label>\r\n\t\t\t\t\t\t\t\t\t\t\t<\/span>\r\n\t\t\t\t\t\t\t\t\t\t\t\t\t\t\t\t\t\t\t\t\t\t<span class=\"checkboxradios\">\r\n\t\t\t\t\t\t\t\t\t\t\t\t<input type=\"radio\"   name=\"sublabel_18[]\" id=\"sublabel_18_2\" value=\"Renta \/ Alquiler\"  \/>\r\n                                                <label for=\"sublabel_18_2\"><span><\/span> Renta \/ Alquiler<\/label>\r\n\t\t\t\t\t\t\t\t\t\t\t<\/span>\r\n\t\t\t\t\t\t\t\t\t\t\t\t\t\t\t\t\t\t\t\t\t\t<span class=\"checkboxradios\">\r\n\t\t\t\t\t\t\t\t\t\t\t\t<input type=\"radio\"   name=\"sublabel_18[]\" id=\"sublabel_18_3\" value=\"Soporte T\u00e9cnico\"  \/>\r\n                                                <label for=\"sublabel_18_3\"><span><\/span> Soporte T\u00e9cnico<\/label>\r\n\t\t\t\t\t\t\t\t\t\t\t<\/span>\r\n\t\t\t\t\t\t\t\t\t\t\t\t\t\t\t\t\t\t\t\t\t\t<span class=\"checkboxradios\">\r\n\t\t\t\t\t\t\t\t\t\t\t\t<input type=\"radio\"   name=\"sublabel_18[]\" id=\"sublabel_18_4\" value=\"Soluciones de Digitalizaci\u00f3n\"  \/>\r\n                                                <label for=\"sublabel_18_4\"><span><\/span> Soluciones de Digitalizaci\u00f3n<\/label>\r\n\t\t\t\t\t\t\t\t\t\t\t<\/span>\r\n\t\t\t\t\t\t\t\t\t\t\t\t\t\t\t\t\t\t\t\t<\/div><\/div>\r\n\t\t\t\t\t\t\t\t\t\t\t\t\t\t\t\r\n\t\t\t\t\t\t\t\t\t\t\t  <div class=\"wpdevart-input-field field-captcha\" style=\"margin-bottom:20px;\">\r\n\t\t\t\t\t\t\t\t\t\t\t\t<label>7  + 9 = ? <\/label>\r\n\t\t\t\t\t\t\t\t\t\t\t\t<div class=\"input-text input-field-inner\">\r\n\t\t\t\t\t\t\t\t\t\t\t\t\t<input type=\"text\"  name=\"submitedRecaptchaValue[]\" placeholder=\"\"  \/>\r\n\t\t\t\t\t\t\t\t\t\t\t\t\t<input type=\"hidden\" name=\"recaptchaSumValue[]\" value=\"16\" \/>\r\n                                                    <input type=\"hidden\" name=\"isCaptchaRequired[]\" value=\"0\" \/>\r\n\t\t\t\t\t\t\t\t\t\t\t\t<\/div>\r\n\t\t\t\t\t\t\t\t\t\t\t  <\/div>\r\n\t\t\t\t\t\t\t\t\t\t\t  \t\r\n   \r\n                   \r\n\t\t\t\t\t   \t\t\t\t\t\t<input type=\"hidden\" name=\"form_id\" value=\"1\" \/>  \r\n\t\t\t\t\t\t<!--<input type=\"submit\" value='Enviar' id=\"btn_send_form_email_1\" name=\"btn_send_form_email\" \/>-->\r\n\t\t\t\t\t\t<button type=\"submit\" name=\"btn_send_form_email\" id=\"btn_send_form_email_1\" >Enviar<\/button>\r\n\t\t\t\t\t\t\t\r\n\t\t\t\t\t  <span id=\"loader-icon-1\" style=\"display:none;\" class=\"form-loader\">\r\n\t\t\t\t\t\t<img decoding=\"async\" src=\"https:\/\/tecnicaintegral.com.ar\/sitio\/wp-content\/plugins\/contact-forms-builder\/\/assets\/images\/loader.gif\" \/>\r\n\t\t\t\t\t  <\/span>\r\n\t\r\n\t\t\t\t   <\/form>\r\n\t\r\n\t\t\t\t\t\t<div id=\"frontend_form_messages_1\" style=\"margin-top:10px; margin-bottom:10px;\"><\/div>\r\n\t\r\n\t\t\t\t   <script>\r\n\t\r\n\t\t\t\t\t\/\/ Document\r\n\t\t\t\t\tjQuery( document ).ready(function() {\r\n\t\t\t\t\t\t\/\/\tDon't submit form on enter, allow enter button only for texts\r\n\t\t\t\t\t\tjQuery(document).on(\"keypress\", \":input:not(textarea)\", function(event) {\r\n\t\t\t\t\t\t\treturn event.keyCode != 13;\r\n\t\t\t\t\t\t});\r\n\t\r\n\t\t\t\t\t\t\/\/ Do not use previous password saved in browser for password field\r\n\t\t\t\t\t\tjQuery(\"input[type='password']\").attr(\"autocomplete\", \"new-password\");\r\n\t\r\n\t\t\t\t\t\t\/\/handle form submission\r\n\t\t\t\t\t\t\/\/jQuery(\"form[name='wpdevart_frontend_form_1']\").submit(function(e){\r\n\t\t\t\t\t\tjQuery(document).on(\"submit\", \"form[name='wpdevart_frontend_form_1']\", function(e) {\r\n\t\t\t\t\t\t\t\/\/shortcode attributes e.g\r\n\t\t\t\t\t\t\tvar atts = {\"id\":\"1\"};\r\n\t\t\t\t\t\t\tvar options = { \r\n\t\t\t\t\t\t\t\t\/\/target:'#frontend_form_messages_1',   \/\/ target element(s) to be updated with server response \r\n\t\t\t\t\t\t\t\t\/\/ other available options: \r\n\t\t\t\t\t\t\t\t url:\"https:\/\/tecnicaintegral.com.ar\/sitio\/wp-admin\/admin-ajax.php\",        \/\/ override for form's 'action' attribute \r\n\t\t\t\t\t\t\t\t\/\/url:\"https:\/\/tecnicaintegral.com.ar\/sitio\/wp-content\/plugins\/contact-forms-builder\/check-ajax.php\",\r\n\t\t\t\t\t\t\t\tdata:{'btn_send_form_email':'1','process_ajax':'1','atts':JSON.stringify(atts),'action':'get_post_information'},\r\n\t\t\t\t\t\t\t\t\/\/type:      type        \/\/ 'get' or 'post', override for form's 'method' attribute \r\n\t\t\t\t\t\t\t\t\/\/dataType:  null        \/\/ 'xml', 'script', or 'json' (expected server response type) \r\n\t\t\t\t\t\t\t\t\/\/clearForm: true ,       \/\/ clear all form fields after successful submit \r\n\t\t\t\t\t\t\t\t\/\/resetForm: true  ,      \/\/ reset the form after successful submit \r\n\t\r\n\t\t\t\t\t\t\t\t\/\/ $.ajax options can be used here too, for example: \r\n\t\t\t\t\t\t\t\t\/\/timeout:   3000 \r\n\t\r\n\t\t\t\t\t\t\t\tbeforeSubmit: function() {\r\n\t\t\t\t\t\t\t\t\tjQuery(\"#loader-icon-1\").show();\r\n\t\t\t\t\t\t\t\t},\r\n\t\t\t\t\t\t\t\tsuccess:showResponse, \/\/ post-submit callback \r\n\t\t\t\t\t\t\t }; \r\n\t\r\n\t\t\t\t\t\t\t\/\/ inside event callbacks 'this' is the DOM element so we first \r\n\t\t\t\t\t\t\t\/\/ wrap it in a jQuery object and then invoke ajaxSubmit \r\n\t\t\t\t\t\t\tjQuery(this).ajaxSubmit(options); \r\n\t\r\n\t\t\t\t\t\t\t\/\/ !!! Important !!! \r\n\t\t\t\t\t\t\t\/\/ always return false to prevent standard browser submit and page navigation \r\n\t\t\t\t\t\t\treturn false; \r\n\t\t\t\t\t\t}); \r\n\t\r\n\t\r\n\t\t\t\t\t\tfunction showResponse(responseText, statusText, xhr, $form) {\r\n\t\t\t\t\t\t\tstr = responseText;\r\n\t\t\t\t\t\t\t\/\/replace first occurence \r\n\t\t\t\t\t\t\tstr = str.replace(\"successmsg_\", \" \"); \r\n\t\t\t\t\t\t\t\/\/ append response\r\n\t\r\n\t\t\t\t\t\t\tjQuery(\"#frontend_form_messages_1\").text(\" \");\r\n\t\t\t\t\t\t\tjQuery(\"#frontend_form_messages_1\").append(str);\r\n\t\t\t\t\t\t\tsetTimeout(function(){ \r\n\t\t\t\t\t\t\t\t\/\/jQuery(\"#frontend_form_messages_1 .success_message1\").fadeout(); \r\n\t\t\t\t\t\t\t\tjQuery(\"#frontend_form_messages_1 .success_message\").fadeOut();\r\n\t\t\t\t\t\t\t}, 5000);\r\n\t\r\n\t\t\t\t\t\t\t\/\/\tresponseText  , updates the div in target specified in options\r\n\t\t\t\t\t\t\tjQuery(\"#loader-icon-1\").hide();\r\n\t\r\n\t\t\t\t\t\t\tvar matched = responseText.search('successmsg_');\r\n\t\t\t\t\t\t\tif(matched != -1) {\r\n\t\r\n\t\t\t\t\t\t\t\tvar formId = \"1\";\r\n\t\t\t\t\t\t\t\t\r\n\t\r\n\t\t\t\t\t\t\t\tsetTimeout(function(){\r\n\t\t\t\t\t\t\t\t\t\t jQuery('#wpdevart-forms-1')[0].reset(); \r\n\t\t\t\t\t\t\t\t\t\t jQuery(\"#wpdevart-forms-\"+formId).each(function() {\r\n\t\t\t\t\t\t\t\t\t\t\t\r\n\t\t\t\t\t\t\t\t\t\t\t\r\n\t\t\t\t\t\t\t\t\t\t});\r\n\t\t\t\t\t\t\t\t },100);\r\n\t\t\t\t\t\t\t }\r\n\t\r\n\t\t\t\t\t\treturn false;\r\n\t\r\n\t\t\t\t\t\t}\r\n\t\t\t\t\t\tfunction showRequest() {\r\n\t\t\t\t\t\t\treturn false;\r\n\t\t\t\t\t\t}\r\n\t\r\n\t\t\t\t\t\tjQuery(document).on(\"click\",\"[type=reset].ws-reset-form\",function(e){\r\n\t\t\t\t\t\t\tformId= jQuery(this).attr('data-attr');\r\n\t\t\t\t\t\t\t\/\/reset\r\n\t\t\t\t\t\t\tjQuery(\"#wpdevart-forms-\"+formId).each(function(){\r\n\t\t\t\t\t\t\t\t\r\n\t\t\t\t\t\t\t\t\t\r\n\t\t\t\t\t\t\t\t\tjQuery(\"#wpdevart-forms-\"+formId)[0].reset();\r\n\t\t\t\t\t\t\t\t});\r\n\t\r\n\t\t\t\t\t\t\treturn false;\r\n\t\r\n\t\t\t\t\t\t});\r\n\t\t\t\t\t});\r\n\t\r\n\t\t\t\t\t<\/script>\r\n\t\t\t\t<\/div>\n","protected":false},"excerpt":{"rendered":"<p>&nbsp; En T\u00e9cnica Integral ofrecemos un sistema integrado de soluciones y servicios. Al suscribir un contrato de servicio con T\u00e9cnica Integral, disfrutara de nuestro excelente servicio de atenci\u00f3n al cliente, la tranquilidad de trabajar con productos RICOH, su Distribuidor Oficial garantizando la mejor tecnolog\u00eda para sus documentos. Ofrecemos RENTAS CORPORATIVAS RENTAS PYME SOLUCIONES ESPECIALIZADAS ABONOS [&hellip;]<\/p>\n","protected":false},"author":1,"featured_media":0,"parent":0,"menu_order":0,"comment_status":"closed","ping_status":"closed","template":"template-fullwidth.php","meta":{"footnotes":""},"class_list":["post-597","page","type-page","status-publish","hentry"],"_links":{"self":[{"href":"https:\/\/tecnicaintegral.com.ar\/sitio\/wp-json\/wp\/v2\/pages\/597","targetHints":{"allow":["GET"]}}],"collection":[{"href":"https:\/\/tecnicaintegral.com.ar\/sitio\/wp-json\/wp\/v2\/pages"}],"about":[{"href":"https:\/\/tecnicaintegral.com.ar\/sitio\/wp-json\/wp\/v2\/types\/page"}],"author":[{"embeddable":true,"href":"https:\/\/tecnicaintegral.com.ar\/sitio\/wp-json\/wp\/v2\/users\/1"}],"replies":[{"embeddable":true,"href":"https:\/\/tecnicaintegral.com.ar\/sitio\/wp-json\/wp\/v2\/comments?post=597"}],"version-history":[{"count":27,"href":"https:\/\/tecnicaintegral.com.ar\/sitio\/wp-json\/wp\/v2\/pages\/597\/revisions"}],"predecessor-version":[{"id":891,"href":"https:\/\/tecnicaintegral.com.ar\/sitio\/wp-json\/wp\/v2\/pages\/597\/revisions\/891"}],"wp:attachment":[{"href":"https:\/\/tecnicaintegral.com.ar\/sitio\/wp-json\/wp\/v2\/media?parent=597"}],"curies":[{"name":"wp","href":"https:\/\/api.w.org\/{rel}","templated":true}]}}